{"id":1741,"date":"2022-02-12T14:15:43","date_gmt":"2022-02-12T13:15:43","guid":{"rendered":"https:\/\/ebf2.delsastre.com\/equipe\/"},"modified":"2025-01-17T02:41:22","modified_gmt":"2025-01-17T01:41:22","slug":"equipe","status":"publish","type":"page","link":"https:\/\/elevage-de-la-buise.fr\/lemondedesminis\/","title":{"rendered":"Sylvain Allix"},"content":{"rendered":"\t\t<div data-elementor-type=\"wp-page\" data-elementor-id=\"1741\" class=\"elementor elementor-1741\">\n\t\t\t\t\t\t<section class=\"elementor-section elementor-top-section elementor-element elementor-element-6f4ccdcc elementor-section-height-min-height elementor-section-items-bottom elementor-section-boxed elementor-section-height-default\" data-id=\"6f4ccdcc\" data-element_type=\"section\" data-settings=\"{&quot;background_background&quot;:&quot;classic&quot;,&quot;shape_divider_bottom&quot;:&quot;opacity-fan&quot;}\">\n\t\t\t\t\t\t\t<div class=\"elementor-background-overlay\"><\/div>\n\t\t\t\t\t\t<div class=\"elementor-shape elementor-shape-bottom\" aria-hidden=\"true\" data-negative=\"false\">\n\t\t\t<svg xmlns=\"http:\/\/www.w3.org\/2000\/svg\" viewBox=\"0 0 283.5 19.6\" preserveAspectRatio=\"none\">\n\t<path class=\"elementor-shape-fill\" style=\"opacity:0.33\" d=\"M0 0L0 18.8 141.8 4.1 283.5 18.8 283.5 0z\"\/>\n\t<path class=\"elementor-shape-fill\" style=\"opacity:0.33\" d=\"M0 0L0 12.6 141.8 4 283.5 12.6 283.5 0z\"\/>\n\t<path class=\"elementor-shape-fill\" style=\"opacity:0.33\" d=\"M0 0L0 6.4 141.8 4 283.5 6.4 283.5 0z\"\/>\n\t<path class=\"elementor-shape-fill\" d=\"M0 0L0 1.2 141.8 4 283.5 1.2 283.5 0z\"\/>\n<\/svg>\t\t<\/div>\n\t\t\t\t\t<div class=\"elementor-container elementor-column-gap-no\">\n\t\t\t\t\t<div class=\"elementor-column elementor-col-100 elementor-top-column elementor-element elementor-element-13339323\" data-id=\"13339323\" data-element_type=\"column\">\n\t\t\t<div class=\"elementor-widget-wrap\">\n\t\t\t\t\t\t\t<\/div>\n\t\t<\/div>\n\t\t\t\t\t<\/div>\n\t\t<\/section>\n\t\t\t\t<section class=\"elementor-section elementor-top-section elementor-element elementor-element-351b8a4c elementor-section-boxed elementor-section-height-default elementor-section-height-default\" data-id=\"351b8a4c\" data-element_type=\"section\" data-settings=\"{&quot;background_background&quot;:&quot;gradient&quot;}\">\n\t\t\t\t\t\t<div class=\"elementor-container elementor-column-gap-default\">\n\t\t\t\t\t<div class=\"elementor-column elementor-col-100 elementor-top-column elementor-element elementor-element-7092deba\" data-id=\"7092deba\" data-element_type=\"column\">\n\t\t\t<div class=\"elementor-widget-wrap elementor-element-populated\">\n\t\t\t\t\t\t<div class=\"elementor-element elementor-element-75d010d1 elementor-widget elementor-widget-heading\" data-id=\"75d010d1\" data-element_type=\"widget\" data-widget_type=\"heading.default\">\n\t\t\t\t<div class=\"elementor-widget-container\">\n\t\t\t\t\t<p class=\"elementor-heading-title elementor-size-default\">Le monde des minis<\/p>\t\t\t\t<\/div>\n\t\t\t\t<\/div>\n\t\t\t\t<div class=\"elementor-element elementor-element-7c579715 elementor-widget-divider--view-line elementor-widget elementor-widget-divider\" data-id=\"7c579715\" data-element_type=\"widget\" data-widget_type=\"divider.default\">\n\t\t\t\t<div class=\"elementor-widget-container\">\n\t\t\t\t\t\t\t<div class=\"elementor-divider\">\n\t\t\t<span class=\"elementor-divider-separator\">\n\t\t\t\t\t\t<\/span>\n\t\t<\/div>\n\t\t\t\t\t\t<\/div>\n\t\t\t\t<\/div>\n\t\t\t\t<section class=\"elementor-section elementor-inner-section elementor-element elementor-element-18da238 elementor-section-boxed elementor-section-height-default elementor-section-height-default\" data-id=\"18da238\" data-element_type=\"section\">\n\t\t\t\t\t\t<div class=\"elementor-container elementor-column-gap-default\">\n\t\t\t\t\t<div class=\"elementor-column elementor-col-33 elementor-inner-column elementor-element elementor-element-811a8ab\" data-id=\"811a8ab\" data-element_type=\"column\">\n\t\t\t<div class=\"elementor-widget-wrap elementor-element-populated\">\n\t\t\t\t\t\t<div class=\"elementor-element elementor-element-31b9395 elementor-widget elementor-widget-image\" data-id=\"31b9395\" data-element_type=\"widget\" data-widget_type=\"image.default\">\n\t\t\t\t<div class=\"elementor-widget-container\">\n\t\t\t\t\t\t\t\t\t\t\t\t\t\t\t<img fetchpriority=\"high\" decoding=\"async\" width=\"560\" height=\"700\" src=\"https:\/\/elevage-de-la-buise.fr\/lemondedesminis\/wp-content\/uploads\/2022\/02\/Sylvain.jpg\" class=\"attachment-medium_large size-medium_large wp-image-1732\" alt=\"Sylvain\" srcset=\"https:\/\/elevage-de-la-buise.fr\/lemondedesminis\/wp-content\/uploads\/2022\/02\/Sylvain.jpg 560w, https:\/\/elevage-de-la-buise.fr\/lemondedesminis\/wp-content\/uploads\/2022\/02\/Sylvain-240x300.jpg 240w\" sizes=\"(max-width: 560px) 100vw, 560px\" \/>\t\t\t\t\t\t\t\t\t\t\t\t\t\t\t<\/div>\n\t\t\t\t<\/div>\n\t\t\t\t\t<\/div>\n\t\t<\/div>\n\t\t\t\t<div class=\"elementor-column elementor-col-66 elementor-inner-column elementor-element elementor-element-67fefba\" data-id=\"67fefba\" data-element_type=\"column\">\n\t\t\t<div class=\"elementor-widget-wrap elementor-element-populated\">\n\t\t\t\t\t\t<div class=\"elementor-element elementor-element-e74314b elementor-widget elementor-widget-heading\" data-id=\"e74314b\" data-element_type=\"widget\" data-widget_type=\"heading.default\">\n\t\t\t\t<div class=\"elementor-widget-container\">\n\t\t\t\t\t<p class=\"elementor-heading-title elementor-size-default\">Pr\u00e9sentation :<\/p>\t\t\t\t<\/div>\n\t\t\t\t<\/div>\n\t\t\t\t<div class=\"elementor-element elementor-element-3f52780 elementor-widget elementor-widget-text-editor\" data-id=\"3f52780\" data-element_type=\"widget\" data-widget_type=\"text-editor.default\">\n\t\t\t\t<div class=\"elementor-widget-container\">\n\t\t\t\t\t\t\t\t\t<p>En rencontrant C\u00e9dric (l\u2019\u00e9leveur) en 2010, je suis tomb\u00e9 sous le charme des chevaux miniatures dont je ne connaissais pas l\u2019existence. J\u2019ai accompagn\u00e9 l\u2019\u00e9quipe EBF \u00e0 travers l\u2019Europe en participant aux concours en tant que pr\u00e9sentateur amateur. Ann\u00e9e apr\u00e8s ann\u00e9e, j\u2019ai souhait\u00e9 me rapprocher des minis.<\/p><p>C\u2019est pourquoi, en parall\u00e8le de mon travail, J\u2019ai d\u00e9velopp\u00e9 les \u00ab Poney Parties \u00bb en accueillant des familles soucieuses de faire conna\u00eetre les animaux et \u00eatre proches de la nature et pour qu\u2019\u00e0 leur tour ils connaissent et appr\u00e9cient les minis. J\u2019organise sur mon temps personnel des jeux, go\u00fbters d\u2019anniversaire, f\u00eates \u00e0 th\u00e8me etc\u2026 sur r\u00e9servation.<\/p><p>La recette de notre succ\u00e8s repose sur la simplicit\u00e9 des activit\u00e9s et une vraie passion avec les minis.<\/p><p>J\u2019ai eu le plaisir de recevoir des familles qui ont souhait\u00e9 revenir tellement leurs enfants avaient aim\u00e9 leur visite privatis\u00e9e. Voir ces enfants, les yeux p\u00e9tillants et attendris par la douceur de nos chevaux est toujours un r\u00e9el plaisir et la r\u00e9compense d\u2019une prestation r\u00e9ussie !<\/p><p>\u00a0<\/p><p>Sylvain Allix,<br \/>______________<\/p><p>Responsable des activit\u00e9s enfants<br \/><span style=\"background-color: transparent; color: var( --e-global-color-text );\">Propri\u00e9taire de chevaux miniatures<\/span><\/p>\t\t\t\t\t\t\t\t<\/div>\n\t\t\t\t<\/div>\n\t\t\t\t\t<\/div>\n\t\t<\/div>\n\t\t\t\t\t<\/div>\n\t\t<\/section>\n\t\t\t\t<div class=\"elementor-element elementor-element-0f2e1f9 elementor-widget-divider--view-line_icon elementor-view-default elementor-widget-divider--element-align-center elementor-widget elementor-widget-divider\" data-id=\"0f2e1f9\" data-element_type=\"widget\" data-widget_type=\"divider.default\">\n\t\t\t\t<div class=\"elementor-widget-container\">\n\t\t\t\t\t\t\t<div class=\"elementor-divider\">\n\t\t\t<span class=\"elementor-divider-separator\">\n\t\t\t\t\t\t\t<div class=\"elementor-icon elementor-divider__element\">\n\t\t\t\t\t<svg xmlns=\"http:\/\/www.w3.org\/2000\/svg\" xmlns:xlink=\"http:\/\/www.w3.org\/1999\/xlink\" id=\"Layer_1\" x=\"0px\" y=\"0px\" viewBox=\"0 0 121 44\" style=\"enable-background:new 0 0 121 44;\" xml:space=\"preserve\"><g>\t<path d=\"M120.2,22.5c-1.4-7.7-12.4-22.3-44.6-21.9C43.3,0.9,28.1,11.8,26.3,22.8c-1.8,11,8.5,12.4,8.5,12.4  c7.4-8.9,38.6-25.8,45.7-27.3c7.1-1.4,7.8,0,7.8,0c-3.9,0.7-12.4,5-20.2,10.6C60.3,24.2,44,36.6,30.2,38.7  c-13.8,2.1-19.5-0.4-23.7-5.7c-4.3-5.3,0.7-10.6,4.2-9.6c3.5,1.1-2.1,4.7,3.2,5.7c3.9,0.7,4.2-3.9,4.2-3.9c0.7-4.3-2.1-6.4-6-7.1  c-3.9-0.7-9.9,0.7-11.3,6.7c-1.4,6,0.4,15.2,17,18.1c16.6,2.8,31.2-6.7,43.9-13.5C74.5,22.8,91.1,9,102.5,10.8  c11.3,1.8,13.8,9.2,13.8,14.2c0,5-2.1,10.6-9.2,10.3c-7.1-0.4-6-5.7-5-7.4c1.1-1.8,2.5-2.8,0-3.9c-2.5-1.1-6.7,0.4-8.9,3.9  c-2.1,3.5-1.1,15.1,12.7,15.6C117.3,43.7,121.9,32,120.2,22.5z\"><\/path><\/g><\/svg><\/div>\n\t\t\t\t\t\t<\/span>\n\t\t<\/div>\n\t\t\t\t\t\t<\/div>\n\t\t\t\t<\/div>\n\t\t\t\t\t<\/div>\n\t\t<\/div>\n\t\t\t\t\t<\/div>\n\t\t<\/section>\n\t\t\t\t<\/div>\n\t\t","protected":false},"excerpt":{"rendered":"<p>Le monde des minis Pr\u00e9sentation : En rencontrant C\u00e9dric (l\u2019\u00e9leveur) en 2010, je suis tomb\u00e9 sous le charme des chevaux miniatures dont je ne connaissais pas l\u2019existence. J\u2019ai accompagn\u00e9 l\u2019\u00e9quipe EBF \u00e0 travers l\u2019Europe en participant aux concours en tant que pr\u00e9sentateur amateur. Ann\u00e9e apr\u00e8s ann\u00e9e, j\u2019ai souhait\u00e9 me rapprocher des minis. C\u2019est pourquoi, en &#8230; <a title=\"Sylvain Allix\" class=\"read-more\" href=\"https:\/\/elevage-de-la-buise.fr\/lemondedesminis\/\" aria-label=\"En savoir plus sur Sylvain Allix\">Lire la suite<\/a><\/p>\n","protected":false},"author":1,"featured_media":0,"parent":0,"menu_order":0,"comment_status":"closed","ping_status":"closed","template":"elementor_header_footer","meta":{"footnotes":""},"class_list":["post-1741","page","type-page","status-publish"],"yoast_head":"<!-- This site is optimized with the Yoast SEO Premium plugin v22.6 (Yoast SEO v25.5) - https:\/\/yoast.com\/wordpress\/plugins\/seo\/ -->\n<title>Sylvain Allix - Le Monde des Minis<\/title>\n<meta name=\"robots\" content=\"index, follow, max-snippet:-1, max-image-preview:large, max-video-preview:-1\" \/>\n<link rel=\"canonical\" href=\"https:\/\/elevage-de-la-buise.fr\/lemondedesminis\/\" \/>\n<meta property=\"og:locale\" content=\"fr_FR\" \/>\n<meta property=\"og:type\" content=\"article\" \/>\n<meta property=\"og:title\" content=\"Sylvain Allix\" \/>\n<meta property=\"og:description\" content=\"Le monde des minis Pr\u00e9sentation : En rencontrant C\u00e9dric (l\u2019\u00e9leveur) en 2010, je suis tomb\u00e9 sous le charme des chevaux miniatures dont je ne connaissais pas l\u2019existence. J\u2019ai accompagn\u00e9 l\u2019\u00e9quipe EBF \u00e0 travers l\u2019Europe en participant aux concours en tant que pr\u00e9sentateur amateur. Ann\u00e9e apr\u00e8s ann\u00e9e, j\u2019ai souhait\u00e9 me rapprocher des minis. C\u2019est pourquoi, en ... Lire la suite\" \/>\n<meta property=\"og:url\" content=\"https:\/\/elevage-de-la-buise.fr\/lemondedesminis\/\" \/>\n<meta property=\"og:site_name\" content=\"Le Monde des Minis\" \/>\n<meta property=\"article:publisher\" content=\"https:\/\/www.facebook.com\/profile.php?id=100008115105626\" \/>\n<meta property=\"article:modified_time\" content=\"2025-01-17T01:41:22+00:00\" \/>\n<meta property=\"og:image\" content=\"https:\/\/elevage-de-la-buise.fr\/lemondedesminis\/wp-content\/uploads\/2022\/02\/Sylvain.jpg\" \/>\n\t<meta property=\"og:image:width\" content=\"560\" \/>\n\t<meta property=\"og:image:height\" content=\"700\" \/>\n\t<meta property=\"og:image:type\" content=\"image\/jpeg\" \/>\n<meta name=\"twitter:card\" content=\"summary_large_image\" \/>\n<meta name=\"twitter:label1\" content=\"Dur\u00e9e de lecture estim\u00e9e\" \/>\n\t<meta name=\"twitter:data1\" content=\"2 minutes\" \/>\n<script type=\"application\/ld+json\" class=\"yoast-schema-graph\">{\"@context\":\"https:\/\/schema.org\",\"@graph\":[{\"@type\":\"WebPage\",\"@id\":\"https:\/\/elevage-de-la-buise.fr\/lemondedesminis\/\",\"url\":\"https:\/\/elevage-de-la-buise.fr\/lemondedesminis\/\",\"name\":\"Sylvain Allix - Le Monde des Minis\",\"isPartOf\":{\"@id\":\"https:\/\/elevage-de-la-buise.fr\/lemondedesminis\/#website\"},\"primaryImageOfPage\":{\"@id\":\"https:\/\/elevage-de-la-buise.fr\/lemondedesminis\/#primaryimage\"},\"image\":{\"@id\":\"https:\/\/elevage-de-la-buise.fr\/lemondedesminis\/#primaryimage\"},\"thumbnailUrl\":\"https:\/\/elevage-de-la-buise.fr\/lemondedesminis\/wp-content\/uploads\/2022\/02\/Sylvain.jpg\",\"datePublished\":\"2022-02-12T13:15:43+00:00\",\"dateModified\":\"2025-01-17T01:41:22+00:00\",\"breadcrumb\":{\"@id\":\"https:\/\/elevage-de-la-buise.fr\/lemondedesminis\/#breadcrumb\"},\"inLanguage\":\"fr-FR\",\"potentialAction\":[{\"@type\":\"ReadAction\",\"target\":[\"https:\/\/elevage-de-la-buise.fr\/lemondedesminis\/\"]}]},{\"@type\":\"ImageObject\",\"inLanguage\":\"fr-FR\",\"@id\":\"https:\/\/elevage-de-la-buise.fr\/lemondedesminis\/#primaryimage\",\"url\":\"https:\/\/elevage-de-la-buise.fr\/lemondedesminis\/wp-content\/uploads\/2022\/02\/Sylvain.jpg\",\"contentUrl\":\"https:\/\/elevage-de-la-buise.fr\/lemondedesminis\/wp-content\/uploads\/2022\/02\/Sylvain.jpg\",\"width\":560,\"height\":700,\"caption\":\"Sylvain\"},{\"@type\":\"BreadcrumbList\",\"@id\":\"https:\/\/elevage-de-la-buise.fr\/lemondedesminis\/#breadcrumb\",\"itemListElement\":[{\"@type\":\"ListItem\",\"position\":1,\"name\":\"Home\",\"item\":\"https:\/\/elevage-de-la-buise.fr\/lemondedesminis\/\"},{\"@type\":\"ListItem\",\"position\":2,\"name\":\"Sylvain Allix\"}]},{\"@type\":\"WebSite\",\"@id\":\"https:\/\/elevage-de-la-buise.fr\/lemondedesminis\/#website\",\"url\":\"https:\/\/elevage-de-la-buise.fr\/lemondedesminis\/\",\"name\":\"Elevage de la Buise\",\"description\":\"Le Monde des Minis\",\"publisher\":{\"@id\":\"https:\/\/elevage-de-la-buise.fr\/lemondedesminis\/#organization\"},\"potentialAction\":[{\"@type\":\"SearchAction\",\"target\":{\"@type\":\"EntryPoint\",\"urlTemplate\":\"https:\/\/elevage-de-la-buise.fr\/lemondedesminis\/?s={search_term_string}\"},\"query-input\":{\"@type\":\"PropertyValueSpecification\",\"valueRequired\":true,\"valueName\":\"search_term_string\"}}],\"inLanguage\":\"fr-FR\"},{\"@type\":\"Organization\",\"@id\":\"https:\/\/elevage-de-la-buise.fr\/lemondedesminis\/#organization\",\"name\":\"Elevage de la Buise - Miniature Horses\",\"url\":\"https:\/\/elevage-de-la-buise.fr\/lemondedesminis\/\",\"logo\":{\"@type\":\"ImageObject\",\"inLanguage\":\"fr-FR\",\"@id\":\"https:\/\/elevage-de-la-buise.fr\/lemondedesminis\/#\/schema\/logo\/image\/\",\"url\":\"https:\/\/elevage-de-la-buise.fr\/lemondedesminis\/wp-content\/uploads\/2024\/11\/logo_minis.png\",\"contentUrl\":\"https:\/\/elevage-de-la-buise.fr\/lemondedesminis\/wp-content\/uploads\/2024\/11\/logo_minis.png\",\"width\":500,\"height\":405,\"caption\":\"Elevage de la Buise - Miniature Horses\"},\"image\":{\"@id\":\"https:\/\/elevage-de-la-buise.fr\/lemondedesminis\/#\/schema\/logo\/image\/\"},\"sameAs\":[\"https:\/\/www.facebook.com\/profile.php?id=100008115105626\",\"https:\/\/www.instagram.com\/ebftrainingcenter?utm_source=ig_web_button_share_sheet&igsh=ZDNlZDc0MzIxNw==\"]}]}<\/script>\n<!-- \/ Yoast SEO Premium plugin. -->","yoast_head_json":{"title":"Sylvain Allix - Le Monde des Minis","robots":{"index":"index","follow":"follow","max-snippet":"max-snippet:-1","max-image-preview":"max-image-preview:large","max-video-preview":"max-video-preview:-1"},"canonical":"https:\/\/elevage-de-la-buise.fr\/lemondedesminis\/","og_locale":"fr_FR","og_type":"article","og_title":"Sylvain Allix","og_description":"Le monde des minis Pr\u00e9sentation : En rencontrant C\u00e9dric (l\u2019\u00e9leveur) en 2010, je suis tomb\u00e9 sous le charme des chevaux miniatures dont je ne connaissais pas l\u2019existence. J\u2019ai accompagn\u00e9 l\u2019\u00e9quipe EBF \u00e0 travers l\u2019Europe en participant aux concours en tant que pr\u00e9sentateur amateur. Ann\u00e9e apr\u00e8s ann\u00e9e, j\u2019ai souhait\u00e9 me rapprocher des minis. C\u2019est pourquoi, en ... Lire la suite","og_url":"https:\/\/elevage-de-la-buise.fr\/lemondedesminis\/","og_site_name":"Le Monde des Minis","article_publisher":"https:\/\/www.facebook.com\/profile.php?id=100008115105626","article_modified_time":"2025-01-17T01:41:22+00:00","og_image":[{"width":560,"height":700,"url":"https:\/\/elevage-de-la-buise.fr\/lemondedesminis\/wp-content\/uploads\/2022\/02\/Sylvain.jpg","type":"image\/jpeg"}],"twitter_card":"summary_large_image","twitter_misc":{"Dur\u00e9e de lecture estim\u00e9e":"2 minutes"},"schema":{"@context":"https:\/\/schema.org","@graph":[{"@type":"WebPage","@id":"https:\/\/elevage-de-la-buise.fr\/lemondedesminis\/","url":"https:\/\/elevage-de-la-buise.fr\/lemondedesminis\/","name":"Sylvain Allix - Le Monde des Minis","isPartOf":{"@id":"https:\/\/elevage-de-la-buise.fr\/lemondedesminis\/#website"},"primaryImageOfPage":{"@id":"https:\/\/elevage-de-la-buise.fr\/lemondedesminis\/#primaryimage"},"image":{"@id":"https:\/\/elevage-de-la-buise.fr\/lemondedesminis\/#primaryimage"},"thumbnailUrl":"https:\/\/elevage-de-la-buise.fr\/lemondedesminis\/wp-content\/uploads\/2022\/02\/Sylvain.jpg","datePublished":"2022-02-12T13:15:43+00:00","dateModified":"2025-01-17T01:41:22+00:00","breadcrumb":{"@id":"https:\/\/elevage-de-la-buise.fr\/lemondedesminis\/#breadcrumb"},"inLanguage":"fr-FR","potentialAction":[{"@type":"ReadAction","target":["https:\/\/elevage-de-la-buise.fr\/lemondedesminis\/"]}]},{"@type":"ImageObject","inLanguage":"fr-FR","@id":"https:\/\/elevage-de-la-buise.fr\/lemondedesminis\/#primaryimage","url":"https:\/\/elevage-de-la-buise.fr\/lemondedesminis\/wp-content\/uploads\/2022\/02\/Sylvain.jpg","contentUrl":"https:\/\/elevage-de-la-buise.fr\/lemondedesminis\/wp-content\/uploads\/2022\/02\/Sylvain.jpg","width":560,"height":700,"caption":"Sylvain"},{"@type":"BreadcrumbList","@id":"https:\/\/elevage-de-la-buise.fr\/lemondedesminis\/#breadcrumb","itemListElement":[{"@type":"ListItem","position":1,"name":"Home","item":"https:\/\/elevage-de-la-buise.fr\/lemondedesminis\/"},{"@type":"ListItem","position":2,"name":"Sylvain Allix"}]},{"@type":"WebSite","@id":"https:\/\/elevage-de-la-buise.fr\/lemondedesminis\/#website","url":"https:\/\/elevage-de-la-buise.fr\/lemondedesminis\/","name":"Elevage de la Buise","description":"Le Monde des Minis","publisher":{"@id":"https:\/\/elevage-de-la-buise.fr\/lemondedesminis\/#organization"},"potentialAction":[{"@type":"SearchAction","target":{"@type":"EntryPoint","urlTemplate":"https:\/\/elevage-de-la-buise.fr\/lemondedesminis\/?s={search_term_string}"},"query-input":{"@type":"PropertyValueSpecification","valueRequired":true,"valueName":"search_term_string"}}],"inLanguage":"fr-FR"},{"@type":"Organization","@id":"https:\/\/elevage-de-la-buise.fr\/lemondedesminis\/#organization","name":"Elevage de la Buise - Miniature Horses","url":"https:\/\/elevage-de-la-buise.fr\/lemondedesminis\/","logo":{"@type":"ImageObject","inLanguage":"fr-FR","@id":"https:\/\/elevage-de-la-buise.fr\/lemondedesminis\/#\/schema\/logo\/image\/","url":"https:\/\/elevage-de-la-buise.fr\/lemondedesminis\/wp-content\/uploads\/2024\/11\/logo_minis.png","contentUrl":"https:\/\/elevage-de-la-buise.fr\/lemondedesminis\/wp-content\/uploads\/2024\/11\/logo_minis.png","width":500,"height":405,"caption":"Elevage de la Buise - Miniature Horses"},"image":{"@id":"https:\/\/elevage-de-la-buise.fr\/lemondedesminis\/#\/schema\/logo\/image\/"},"sameAs":["https:\/\/www.facebook.com\/profile.php?id=100008115105626","https:\/\/www.instagram.com\/ebftrainingcenter?utm_source=ig_web_button_share_sheet&igsh=ZDNlZDc0MzIxNw=="]}]}},"_links":{"self":[{"href":"https:\/\/elevage-de-la-buise.fr\/lemondedesminis\/wp-json\/wp\/v2\/pages\/1741","targetHints":{"allow":["GET"]}}],"collection":[{"href":"https:\/\/elevage-de-la-buise.fr\/lemondedesminis\/wp-json\/wp\/v2\/pages"}],"about":[{"href":"https:\/\/elevage-de-la-buise.fr\/lemondedesminis\/wp-json\/wp\/v2\/types\/page"}],"author":[{"embeddable":true,"href":"https:\/\/elevage-de-la-buise.fr\/lemondedesminis\/wp-json\/wp\/v2\/users\/1"}],"replies":[{"embeddable":true,"href":"https:\/\/elevage-de-la-buise.fr\/lemondedesminis\/wp-json\/wp\/v2\/comments?post=1741"}],"version-history":[{"count":35,"href":"https:\/\/elevage-de-la-buise.fr\/lemondedesminis\/wp-json\/wp\/v2\/pages\/1741\/revisions"}],"predecessor-version":[{"id":6015,"href":"https:\/\/elevage-de-la-buise.fr\/lemondedesminis\/wp-json\/wp\/v2\/pages\/1741\/revisions\/6015"}],"wp:attachment":[{"href":"https:\/\/elevage-de-la-buise.fr\/lemondedesminis\/wp-json\/wp\/v2\/media?parent=1741"}],"curies":[{"name":"wp","href":"https:\/\/api.w.org\/{rel}","templated":true}]}}