{"id":1198,"date":"2022-02-09T16:01:26","date_gmt":"2022-02-09T15:01:26","guid":{"rendered":"https:\/\/ebf2.delsastre.com\/contact\/"},"modified":"2025-10-20T21:03:14","modified_gmt":"2025-10-20T19:03:14","slug":"contact","status":"publish","type":"page","link":"https:\/\/elevage-de-la-buise.fr\/lemondedesminis\/contact\/","title":{"rendered":"Contact"},"content":{"rendered":"\t\t<div data-elementor-type=\"wp-page\" data-elementor-id=\"1198\" class=\"elementor elementor-1198\">\n\t\t\t\t\t\t<section class=\"elementor-section elementor-top-section elementor-element elementor-element-31d47140 elementor-section-height-min-height elementor-section-items-bottom elementor-section-boxed elementor-section-height-default\" data-id=\"31d47140\" data-element_type=\"section\" data-settings=\"{&quot;background_background&quot;:&quot;classic&quot;,&quot;shape_divider_bottom&quot;:&quot;opacity-fan&quot;}\">\n\t\t\t\t\t\t\t<div class=\"elementor-background-overlay\"><\/div>\n\t\t\t\t\t\t<div class=\"elementor-shape elementor-shape-bottom\" aria-hidden=\"true\" data-negative=\"false\">\n\t\t\t<svg xmlns=\"http:\/\/www.w3.org\/2000\/svg\" viewBox=\"0 0 283.5 19.6\" preserveAspectRatio=\"none\">\n\t<path class=\"elementor-shape-fill\" style=\"opacity:0.33\" d=\"M0 0L0 18.8 141.8 4.1 283.5 18.8 283.5 0z\"\/>\n\t<path class=\"elementor-shape-fill\" style=\"opacity:0.33\" d=\"M0 0L0 12.6 141.8 4 283.5 12.6 283.5 0z\"\/>\n\t<path class=\"elementor-shape-fill\" style=\"opacity:0.33\" d=\"M0 0L0 6.4 141.8 4 283.5 6.4 283.5 0z\"\/>\n\t<path class=\"elementor-shape-fill\" d=\"M0 0L0 1.2 141.8 4 283.5 1.2 283.5 0z\"\/>\n<\/svg>\t\t<\/div>\n\t\t\t\t\t<div class=\"elementor-container elementor-column-gap-no\">\n\t\t\t\t\t<div class=\"elementor-column elementor-col-100 elementor-top-column elementor-element elementor-element-429a2d74\" data-id=\"429a2d74\" data-element_type=\"column\">\n\t\t\t<div class=\"elementor-widget-wrap\">\n\t\t\t\t\t\t\t<\/div>\n\t\t<\/div>\n\t\t\t\t\t<\/div>\n\t\t<\/section>\n\t\t\t\t<section class=\"elementor-section elementor-top-section elementor-element elementor-element-3a08a9ec elementor-section-boxed elementor-section-height-default elementor-section-height-default\" data-id=\"3a08a9ec\" data-element_type=\"section\" data-settings=\"{&quot;background_background&quot;:&quot;gradient&quot;}\">\n\t\t\t\t\t\t<div class=\"elementor-container elementor-column-gap-default\">\n\t\t\t\t\t<div class=\"elementor-column elementor-col-100 elementor-top-column elementor-element elementor-element-379464c\" data-id=\"379464c\" data-element_type=\"column\">\n\t\t\t<div class=\"elementor-widget-wrap elementor-element-populated\">\n\t\t\t\t\t\t<div class=\"elementor-element elementor-element-132b906a elementor-widget elementor-widget-heading\" data-id=\"132b906a\" data-element_type=\"widget\" data-widget_type=\"heading.default\">\n\t\t\t\t<div class=\"elementor-widget-container\">\n\t\t\t\t\t<p class=\"elementor-heading-title elementor-size-default\">LE MONDE DES MINIS<\/p>\t\t\t\t<\/div>\n\t\t\t\t<\/div>\n\t\t\t\t<div class=\"elementor-element elementor-element-41336e1c elementor-widget elementor-widget-heading\" data-id=\"41336e1c\" data-element_type=\"widget\" data-widget_type=\"heading.default\">\n\t\t\t\t<div class=\"elementor-widget-container\">\n\t\t\t\t\t<h1 class=\"elementor-heading-title elementor-size-default\">Nous contacter<\/h1>\t\t\t\t<\/div>\n\t\t\t\t<\/div>\n\t\t\t\t<div class=\"elementor-element elementor-element-6baf89aa elementor-widget-divider--view-line elementor-widget elementor-widget-divider\" data-id=\"6baf89aa\" data-element_type=\"widget\" data-widget_type=\"divider.default\">\n\t\t\t\t<div class=\"elementor-widget-container\">\n\t\t\t\t\t\t\t<div class=\"elementor-divider\">\n\t\t\t<span class=\"elementor-divider-separator\">\n\t\t\t\t\t\t<\/span>\n\t\t<\/div>\n\t\t\t\t\t\t<\/div>\n\t\t\t\t<\/div>\n\t\t\t\t<div class=\"elementor-element elementor-element-973d554 elementor-widget elementor-widget-text-editor\" data-id=\"973d554\" data-element_type=\"widget\" data-widget_type=\"text-editor.default\">\n\t\t\t\t<div class=\"elementor-widget-container\">\n\t\t\t\t\t\t\t\t\t<div class=\"elementor-element elementor-element-1d5cd3a elementor-icon-list--layout-traditional elementor-list-item-link-full_width elementor-widget elementor-widget-icon-list\" data-id=\"1d5cd3a\" data-element_type=\"widget\" data-widget_type=\"icon-list.default\"><div class=\"elementor-widget-container\"><h3><strong><span class=\"elementor-icon-list-text\">Sylvain Allix<\/span><\/strong><\/h3><p><i class=\"fas fa-phone-alt\" aria-hidden=\"true\"><\/i><span class=\"elementor-icon-list-text\">+33 7 77 36 93 24<\/span><\/p><p><a href=\"https:\/\/www.facebook.com\/mondedesminis\/\" target=\"_blank\" rel=\"noopener\"><i class=\"fab fa-facebook\" aria-hidden=\"true\"><\/i><span class=\"elementor-icon-list-text\">Le Monde des Minis<\/span><\/a><\/p><\/div><\/div><div class=\"elementor-element elementor-element-bd1bcd6 elementor-widget elementor-widget-heading\" style=\"text-align: center;\" data-id=\"bd1bcd6\" data-element_type=\"widget\" data-widget_type=\"heading.default\"><div class=\"elementor-widget-container\"><h5 id=\"tw-target-text\" class=\"tw-data-text tw-text-large tw-ta\" dir=\"ltr\" data-placeholder=\"Tradu\u00e7\u00e3o\" data-ved=\"2ahUKEwjWqr6nzpCKAxW-fKQEHb1DO7YQ3ewLegQIDhAU\" aria-label=\"Texto traduzido: Ouvert toute l'ann\u00e9e Uniquement sur r\u00e9servation Espace int\u00e9rieur ou ext\u00e9rieur (selon la saison)\"><span class=\"Y2IQFc\" lang=\"fr\">Ouvert toute l&rsquo;ann\u00e9e Uniquement sur r\u00e9servation Espace int\u00e9rieur ou ext\u00e9rieur <br \/>(selon la saison)<\/span><\/h5><\/div><\/div><p style=\"text-align: center;\">Email <a href=\"mailto:cedric@elevage-de-la-buise.fr\">cedric@elevage-de-la-buise.fr <\/a><\/p>\t\t\t\t\t\t\t\t<\/div>\n\t\t\t\t<\/div>\n\t\t\t\t<div class=\"elementor-element elementor-element-83684ce elementor-widget elementor-widget-google_maps\" data-id=\"83684ce\" data-element_type=\"widget\" data-widget_type=\"google_maps.default\">\n\t\t\t\t<div class=\"elementor-widget-container\">\n\t\t\t\t\t\t\t<div class=\"elementor-custom-embed\">\n\t\t\t<iframe loading=\"lazy\"\n\t\t\t\t\tsrc=\"https:\/\/maps.google.com\/maps?q=15%20Rue%20le%20Sergeant%2062175%20Hendecourt%20les%20Ransart%20France&#038;t=m&#038;z=9&#038;output=embed&#038;iwloc=near\"\n\t\t\t\t\ttitle=\"15 Rue le Sergeant 62175 Hendecourt les Ransart France\"\n\t\t\t\t\taria-label=\"15 Rue le Sergeant 62175 Hendecourt les Ransart France\"\n\t\t\t><\/iframe>\n\t\t<\/div>\n\t\t\t\t\t\t<\/div>\n\t\t\t\t<\/div>\n\t\t\t\t\t<\/div>\n\t\t<\/div>\n\t\t\t\t\t<\/div>\n\t\t<\/section>\n\t\t\t\t<\/div>\n\t\t","protected":false},"excerpt":{"rendered":"<p>LE MONDE DES MINIS Nous contacter Sylvain Allix +33 7 77 36 93 24 Le Monde des Minis Ouvert toute l&rsquo;ann\u00e9e Uniquement sur r\u00e9servation Espace int\u00e9rieur ou ext\u00e9rieur (selon la saison) Email cedric@elevage-de-la-buise.fr<\/p>\n","protected":false},"author":1,"featured_media":0,"parent":0,"menu_order":0,"comment_status":"closed","ping_status":"closed","template":"elementor_header_footer","meta":{"footnotes":""},"class_list":["post-1198","page","type-page","status-publish"],"yoast_head":"<!-- This site is optimized with the Yoast SEO Premium plugin v22.6 (Yoast SEO v25.5) - https:\/\/yoast.com\/wordpress\/plugins\/seo\/ -->\n<title>Contact - Le Monde des Minis<\/title>\n<meta name=\"robots\" content=\"index, follow, max-snippet:-1, max-image-preview:large, max-video-preview:-1\" \/>\n<link rel=\"canonical\" href=\"https:\/\/elevage-de-la-buise.fr\/lemondedesminis\/contact\/\" \/>\n<meta property=\"og:locale\" content=\"fr_FR\" \/>\n<meta property=\"og:type\" content=\"article\" \/>\n<meta property=\"og:title\" content=\"Contact\" \/>\n<meta property=\"og:description\" content=\"LE MONDE DES MINIS Nous contacter Sylvain Allix +33 7 77 36 93 24 Le Monde des Minis Ouvert toute l&rsquo;ann\u00e9e Uniquement sur r\u00e9servation Espace int\u00e9rieur ou ext\u00e9rieur (selon la saison) Email cedric@elevage-de-la-buise.fr\" \/>\n<meta property=\"og:url\" content=\"https:\/\/elevage-de-la-buise.fr\/lemondedesminis\/contact\/\" \/>\n<meta property=\"og:site_name\" content=\"Le Monde des Minis\" \/>\n<meta property=\"article:publisher\" content=\"https:\/\/www.facebook.com\/profile.php?id=100008115105626\" \/>\n<meta property=\"article:modified_time\" content=\"2025-10-20T19:03:14+00:00\" \/>\n<meta name=\"twitter:card\" content=\"summary_large_image\" \/>\n<meta name=\"twitter:label1\" content=\"Dur\u00e9e de lecture estim\u00e9e\" \/>\n\t<meta name=\"twitter:data1\" content=\"1 minute\" \/>\n<script type=\"application\/ld+json\" class=\"yoast-schema-graph\">{\"@context\":\"https:\/\/schema.org\",\"@graph\":[{\"@type\":\"WebPage\",\"@id\":\"https:\/\/elevage-de-la-buise.fr\/lemondedesminis\/contact\/\",\"url\":\"https:\/\/elevage-de-la-buise.fr\/lemondedesminis\/contact\/\",\"name\":\"Contact - Le Monde des Minis\",\"isPartOf\":{\"@id\":\"https:\/\/elevage-de-la-buise.fr\/lemondedesminis\/#website\"},\"datePublished\":\"2022-02-09T15:01:26+00:00\",\"dateModified\":\"2025-10-20T19:03:14+00:00\",\"breadcrumb\":{\"@id\":\"https:\/\/elevage-de-la-buise.fr\/lemondedesminis\/contact\/#breadcrumb\"},\"inLanguage\":\"fr-FR\",\"potentialAction\":[{\"@type\":\"ReadAction\",\"target\":[\"https:\/\/elevage-de-la-buise.fr\/lemondedesminis\/contact\/\"]}]},{\"@type\":\"BreadcrumbList\",\"@id\":\"https:\/\/elevage-de-la-buise.fr\/lemondedesminis\/contact\/#breadcrumb\",\"itemListElement\":[{\"@type\":\"ListItem\",\"position\":1,\"name\":\"Home\",\"item\":\"https:\/\/elevage-de-la-buise.fr\/lemondedesminis\/\"},{\"@type\":\"ListItem\",\"position\":2,\"name\":\"Contact\"}]},{\"@type\":\"WebSite\",\"@id\":\"https:\/\/elevage-de-la-buise.fr\/lemondedesminis\/#website\",\"url\":\"https:\/\/elevage-de-la-buise.fr\/lemondedesminis\/\",\"name\":\"Elevage de la Buise\",\"description\":\"Le Monde des Minis\",\"publisher\":{\"@id\":\"https:\/\/elevage-de-la-buise.fr\/lemondedesminis\/#organization\"},\"potentialAction\":[{\"@type\":\"SearchAction\",\"target\":{\"@type\":\"EntryPoint\",\"urlTemplate\":\"https:\/\/elevage-de-la-buise.fr\/lemondedesminis\/?s={search_term_string}\"},\"query-input\":{\"@type\":\"PropertyValueSpecification\",\"valueRequired\":true,\"valueName\":\"search_term_string\"}}],\"inLanguage\":\"fr-FR\"},{\"@type\":\"Organization\",\"@id\":\"https:\/\/elevage-de-la-buise.fr\/lemondedesminis\/#organization\",\"name\":\"Elevage de la Buise - Miniature Horses\",\"url\":\"https:\/\/elevage-de-la-buise.fr\/lemondedesminis\/\",\"logo\":{\"@type\":\"ImageObject\",\"inLanguage\":\"fr-FR\",\"@id\":\"https:\/\/elevage-de-la-buise.fr\/lemondedesminis\/#\/schema\/logo\/image\/\",\"url\":\"https:\/\/elevage-de-la-buise.fr\/lemondedesminis\/wp-content\/uploads\/2024\/11\/logo_minis.png\",\"contentUrl\":\"https:\/\/elevage-de-la-buise.fr\/lemondedesminis\/wp-content\/uploads\/2024\/11\/logo_minis.png\",\"width\":500,\"height\":405,\"caption\":\"Elevage de la Buise - Miniature Horses\"},\"image\":{\"@id\":\"https:\/\/elevage-de-la-buise.fr\/lemondedesminis\/#\/schema\/logo\/image\/\"},\"sameAs\":[\"https:\/\/www.facebook.com\/profile.php?id=100008115105626\",\"https:\/\/www.instagram.com\/ebftrainingcenter?utm_source=ig_web_button_share_sheet&igsh=ZDNlZDc0MzIxNw==\"]}]}<\/script>\n<!-- \/ Yoast SEO Premium plugin. -->","yoast_head_json":{"title":"Contact - Le Monde des Minis","robots":{"index":"index","follow":"follow","max-snippet":"max-snippet:-1","max-image-preview":"max-image-preview:large","max-video-preview":"max-video-preview:-1"},"canonical":"https:\/\/elevage-de-la-buise.fr\/lemondedesminis\/contact\/","og_locale":"fr_FR","og_type":"article","og_title":"Contact","og_description":"LE MONDE DES MINIS Nous contacter Sylvain Allix +33 7 77 36 93 24 Le Monde des Minis Ouvert toute l&rsquo;ann\u00e9e Uniquement sur r\u00e9servation Espace int\u00e9rieur ou ext\u00e9rieur (selon la saison) Email cedric@elevage-de-la-buise.fr","og_url":"https:\/\/elevage-de-la-buise.fr\/lemondedesminis\/contact\/","og_site_name":"Le Monde des Minis","article_publisher":"https:\/\/www.facebook.com\/profile.php?id=100008115105626","article_modified_time":"2025-10-20T19:03:14+00:00","twitter_card":"summary_large_image","twitter_misc":{"Dur\u00e9e de lecture estim\u00e9e":"1 minute"},"schema":{"@context":"https:\/\/schema.org","@graph":[{"@type":"WebPage","@id":"https:\/\/elevage-de-la-buise.fr\/lemondedesminis\/contact\/","url":"https:\/\/elevage-de-la-buise.fr\/lemondedesminis\/contact\/","name":"Contact - Le Monde des Minis","isPartOf":{"@id":"https:\/\/elevage-de-la-buise.fr\/lemondedesminis\/#website"},"datePublished":"2022-02-09T15:01:26+00:00","dateModified":"2025-10-20T19:03:14+00:00","breadcrumb":{"@id":"https:\/\/elevage-de-la-buise.fr\/lemondedesminis\/contact\/#breadcrumb"},"inLanguage":"fr-FR","potentialAction":[{"@type":"ReadAction","target":["https:\/\/elevage-de-la-buise.fr\/lemondedesminis\/contact\/"]}]},{"@type":"BreadcrumbList","@id":"https:\/\/elevage-de-la-buise.fr\/lemondedesminis\/contact\/#breadcrumb","itemListElement":[{"@type":"ListItem","position":1,"name":"Home","item":"https:\/\/elevage-de-la-buise.fr\/lemondedesminis\/"},{"@type":"ListItem","position":2,"name":"Contact"}]},{"@type":"WebSite","@id":"https:\/\/elevage-de-la-buise.fr\/lemondedesminis\/#website","url":"https:\/\/elevage-de-la-buise.fr\/lemondedesminis\/","name":"Elevage de la Buise","description":"Le Monde des Minis","publisher":{"@id":"https:\/\/elevage-de-la-buise.fr\/lemondedesminis\/#organization"},"potentialAction":[{"@type":"SearchAction","target":{"@type":"EntryPoint","urlTemplate":"https:\/\/elevage-de-la-buise.fr\/lemondedesminis\/?s={search_term_string}"},"query-input":{"@type":"PropertyValueSpecification","valueRequired":true,"valueName":"search_term_string"}}],"inLanguage":"fr-FR"},{"@type":"Organization","@id":"https:\/\/elevage-de-la-buise.fr\/lemondedesminis\/#organization","name":"Elevage de la Buise - Miniature Horses","url":"https:\/\/elevage-de-la-buise.fr\/lemondedesminis\/","logo":{"@type":"ImageObject","inLanguage":"fr-FR","@id":"https:\/\/elevage-de-la-buise.fr\/lemondedesminis\/#\/schema\/logo\/image\/","url":"https:\/\/elevage-de-la-buise.fr\/lemondedesminis\/wp-content\/uploads\/2024\/11\/logo_minis.png","contentUrl":"https:\/\/elevage-de-la-buise.fr\/lemondedesminis\/wp-content\/uploads\/2024\/11\/logo_minis.png","width":500,"height":405,"caption":"Elevage de la Buise - Miniature Horses"},"image":{"@id":"https:\/\/elevage-de-la-buise.fr\/lemondedesminis\/#\/schema\/logo\/image\/"},"sameAs":["https:\/\/www.facebook.com\/profile.php?id=100008115105626","https:\/\/www.instagram.com\/ebftrainingcenter?utm_source=ig_web_button_share_sheet&igsh=ZDNlZDc0MzIxNw=="]}]}},"_links":{"self":[{"href":"https:\/\/elevage-de-la-buise.fr\/lemondedesminis\/wp-json\/wp\/v2\/pages\/1198","targetHints":{"allow":["GET"]}}],"collection":[{"href":"https:\/\/elevage-de-la-buise.fr\/lemondedesminis\/wp-json\/wp\/v2\/pages"}],"about":[{"href":"https:\/\/elevage-de-la-buise.fr\/lemondedesminis\/wp-json\/wp\/v2\/types\/page"}],"author":[{"embeddable":true,"href":"https:\/\/elevage-de-la-buise.fr\/lemondedesminis\/wp-json\/wp\/v2\/users\/1"}],"replies":[{"embeddable":true,"href":"https:\/\/elevage-de-la-buise.fr\/lemondedesminis\/wp-json\/wp\/v2\/comments?post=1198"}],"version-history":[{"count":11,"href":"https:\/\/elevage-de-la-buise.fr\/lemondedesminis\/wp-json\/wp\/v2\/pages\/1198\/revisions"}],"predecessor-version":[{"id":6083,"href":"https:\/\/elevage-de-la-buise.fr\/lemondedesminis\/wp-json\/wp\/v2\/pages\/1198\/revisions\/6083"}],"wp:attachment":[{"href":"https:\/\/elevage-de-la-buise.fr\/lemondedesminis\/wp-json\/wp\/v2\/media?parent=1198"}],"curies":[{"name":"wp","href":"https:\/\/api.w.org\/{rel}","templated":true}]}}